{"id":10043,"date":"2022-11-04T12:35:10","date_gmt":"2022-11-04T11:35:10","guid":{"rendered":"https:\/\/www.mobilityinstitute.es\/mobility-institute-coffee-monica-de-oriol-fundadora-i-presidenta-de-net4things-novembre-2022\/"},"modified":"2023-01-16T19:09:41","modified_gmt":"2023-01-16T18:09:41","slug":"mobility-institute-coffee-monica-de-oriol-net4things","status":"publish","type":"page","link":"https:\/\/www.mobilityinstitute.es\/ca\/mobility-institute-coffee-monica-de-oriol-net4things\/","title":{"rendered":"Mobility Institute Coffee &#8211; M\u00f3nica de Oriol, fundadora i presidenta de Net4Things &#8211; Gener 2023"},"content":{"rendered":"<p><div class=\"fusion-fullwidth fullwidth-box fusion-builder-row-1 nonhundred-percent-fullwidth non-hundred-percent-height-scrolling\" style=\"background-color: rgba(255,255,255,0);background-position: center center;background-repeat: no-repeat;padding-top:0px;padding-right:0px;padding-bottom:0px;padding-left:0px;margin-bottom: 0px;margin-top: 0px;border-width: 0px 0px 0px 0px;border-color:#eae9e9;border-style:solid;\" ><div class=\"fusion-builder-row fusion-row\"><div class=\"fusion-layout-column fusion_builder_column fusion-builder-column-0 fusion_builder_column_1_1 1_1 fusion-one-full fusion-column-first fusion-column-last\" style=\"margin-top:0px;margin-bottom:20px;\"><div class=\"fusion-column-wrapper fusion-flex-column-wrapper-legacy\" style=\"background-position:left top;background-repeat:no-repeat;-webkit-background-size:cover;-moz-background-size:cover;-o-background-size:cover;background-size:cover;padding: 0px 0px 0px 0px;\"><div class=\"fusion-text fusion-text-1\"><p>Prenem un nou Mobility Institute Coffee amb <strong>M\u00f3nica de Oriol, fundadora i presidenta de Net4Things.<\/strong> Llicenciada en Ci\u00e8ncies Econ\u00f2miques i Empresarials per la Universidad Complutense de Madrid i diplomada en Economia de la Uni\u00f3 Europea per la London School of Economics, M\u00f3nica de Oriol t\u00e9 una llarga experi\u00e8ncia com a emprenedora i en l&#8217;actualitat tamb\u00e9 \u00e9s presidenta d&#8217;honor del Cercle d&#8217;Empresaris, de SECOT i de la Fundaci\u00f3n Vizca\u00edna Aguirre.<\/p>\n<\/div><div class=\"fusion-sep-clear\"><\/div><div class=\"fusion-separator fusion-full-width-sep\" style=\"margin-left: auto;margin-right: auto;margin-top:10px;width:100%;\"><div class=\"fusion-separator-border sep-double\" style=\"border-color:#ffffff;border-top-width:1px;border-bottom-width:1px;\"><\/div><\/div><div class=\"fusion-sep-clear\"><\/div><div class=\"fusion-text fusion-text-2\"><p>Net4Things \u00e9s un dels actors rellevants en l&#8217;\u00e0mbit d&#8217;<em>Internet of Things<\/em> (IoT) aplicat a la mobilitat i treballa amb companyies com Telef\u00f3nica, Vodafone o Banco Santander. El seu <em>Cross-Mobility Platform<\/em> (XMP) \u00e9s un SaaS que aprofita les dades de mobilitat per permetre que diverses ind\u00fastries (telecomunicacions, transport, assegurances, finances, infraestructura\u2026) construeixin, llancin i escalin una gamma \u00e0mplia de casos d&#8217;\u00fas que els poden beneficiar tant a ells com als seus clients.<\/p>\n<\/div><div class=\"fusion-sep-clear\"><\/div><div class=\"fusion-separator fusion-full-width-sep\" style=\"margin-left: auto;margin-right: auto;margin-top:10px;width:100%;\"><div class=\"fusion-separator-border sep-double\" style=\"border-color:#ffffff;border-top-width:1px;border-bottom-width:1px;\"><\/div><\/div><div class=\"fusion-sep-clear\"><\/div><div class=\"fusion-text fusion-text-3\"><p>Durant l&#8217;entrevista, hem recordat l&#8217;origen i la hist\u00f2ria de Net4Things, a m\u00e9s de comentar les <strong>oportunitats tecnol\u00f2giques actuals en l&#8217;\u00e0mbit de la mobilitat i el paper de l&#8217;administraci\u00f3<\/strong> per aprofitar aquestes oportunitats. Tamb\u00e9 hem repassat <strong>l&#8217;experi\u00e8ncia de M\u00f3nica de Oriol com a dona emprenedora<\/strong> i ens ha ofert els seus consells sobre els passos a seguir si tens una bona idea.<\/p>\n<\/div><div class=\"fusion-sep-clear\"><\/div><div class=\"fusion-separator fusion-full-width-sep\" style=\"margin-left: auto;margin-right: auto;margin-top:10px;width:100%;\"><div class=\"fusion-separator-border sep-double\" style=\"border-color:#ffffff;border-top-width:1px;border-bottom-width:1px;\"><\/div><\/div><div class=\"fusion-sep-clear\"><\/div><div class=\"fusion-text fusion-text-4\" style=\"text-transform:none;\"><p>A continuaci\u00f3, es pot accedir al<strong> v\u00eddeo <\/strong>de l&#8217;entrevista<strong>:<\/strong><\/p>\n<p>(Disponible \u00fanicamente para usuarios registrados)<\/p>\n<\/div><div class=\"fusion-sep-clear\"><\/div><div class=\"fusion-separator fusion-full-width-sep\" style=\"margin-left: auto;margin-right: auto;margin-top:10px;width:100%;\"><div class=\"fusion-separator-border sep-double\" style=\"border-color:#ffffff;border-top-width:1px;border-bottom-width:1px;\"><\/div><\/div><div class=\"fusion-sep-clear\"><\/div><div class=\"fusion-clearfix\"><\/div><\/div><\/div><\/div><\/div><div class=\"fusion-fullwidth fullwidth-box fusion-builder-row-2 fusion-flex-container nonhundred-percent-fullwidth non-hundred-percent-height-scrolling\" style=\"background-color: rgba(255,255,255,0);background-position: center center;background-repeat: no-repeat;border-width: 0px 0px 0px 0px;border-color:#eae9e9;border-style:solid;\" ><div class=\"fusion-builder-row fusion-row fusion-flex-align-items-flex-start\" style=\"max-width:1248px;margin-left: calc(-4% \/ 2 );margin-right: calc(-4% \/ 2 );\"><div class=\"fusion-layout-column fusion_builder_column fusion-builder-column-1 fusion_builder_column_1_6 1_6 fusion-flex-column\"><div class=\"fusion-column-wrapper fusion-flex-justify-content-flex-start fusion-content-layout-column\" style=\"background-position:left top;background-repeat:no-repeat;-webkit-background-size:cover;-moz-background-size:cover;-o-background-size:cover;background-size:cover;padding: 0px 0px 0px 0px;\"><\/div><style type=\"text\/css\">.fusion-body .fusion-builder-column-1{width:16.666666666667% !important;margin-top : 0px;margin-bottom : 20px;}.fusion-builder-column-1 > .fusion-column-wrapper {padding-top : 0px !important;padding-right : 0px !important;margin-right : 11.52%;padding-bottom : 0px !important;padding-left : 0px !important;margin-left : 11.52%;}@media only screen and (max-width:1024px) {.fusion-body .fusion-builder-column-1{width:100% !important;order : 0;}.fusion-builder-column-1 > .fusion-column-wrapper {margin-right : 1.92%;margin-left : 1.92%;}}@media only screen and (max-width:640px) {.fusion-body .fusion-builder-column-1{width:100% !important;order : 0;}.fusion-builder-column-1 > .fusion-column-wrapper {margin-right : 1.92%;margin-left : 1.92%;}}<\/style><\/div><div class=\"fusion-layout-column fusion_builder_column fusion-builder-column-2 fusion_builder_column_2_3 2_3 fusion-flex-column\"><div class=\"fusion-column-wrapper fusion-flex-justify-content-flex-start fusion-content-layout-column\" style=\"background-position:left top;background-repeat:no-repeat;-webkit-background-size:cover;-moz-background-size:cover;-o-background-size:cover;background-size:cover;padding: 0px 0px 0px 0px;\"><div class=\"fusion-text fusion-text-5\" style=\"text-transform:none;\">\n<\/div><div class=\"fusion-text fusion-text-6\" style=\"text-align:center;text-transform:none;\">\n<\/div><\/div><style type=\"text\/css\">.fusion-body .fusion-builder-column-2{width:66.666666666667% !important;margin-top : 0px;margin-bottom : 20px;}.fusion-builder-column-2 > .fusion-column-wrapper {padding-top : 0px !important;padding-right : 0px !important;margin-right : 2.88%;padding-bottom : 0px !important;padding-left : 0px !important;margin-left : 2.88%;}@media only screen and (max-width:1024px) {.fusion-body .fusion-builder-column-2{width:100% !important;order : 0;}.fusion-builder-column-2 > .fusion-column-wrapper {margin-right : 1.92%;margin-left : 1.92%;}}@media only screen and (max-width:640px) {.fusion-body .fusion-builder-column-2{width:100% !important;order : 0;}.fusion-builder-column-2 > .fusion-column-wrapper {margin-right : 1.92%;margin-left : 1.92%;}}<\/style><\/div><div class=\"fusion-layout-column fusion_builder_column fusion-builder-column-3 fusion_builder_column_1_6 1_6 fusion-flex-column\"><div class=\"fusion-column-wrapper fusion-flex-justify-content-flex-start fusion-content-layout-column\" style=\"background-position:left top;background-repeat:no-repeat;-webkit-background-size:cover;-moz-background-size:cover;-o-background-size:cover;background-size:cover;padding: 0px 0px 0px 0px;\"><\/div><style type=\"text\/css\">.fusion-body .fusion-builder-column-3{width:16.666666666667% !important;margin-top : 0px;margin-bottom : 20px;}.fusion-builder-column-3 > .fusion-column-wrapper {padding-top : 0px !important;padding-right : 0px !important;margin-right : 11.52%;padding-bottom : 0px !important;padding-left : 0px !important;margin-left : 11.52%;}@media only screen and (max-width:1024px) {.fusion-body .fusion-builder-column-3{width:100% !important;order : 0;}.fusion-builder-column-3 > .fusion-column-wrapper {margin-right : 1.92%;margin-left : 1.92%;}}@media only screen and (max-width:640px) {.fusion-body .fusion-builder-column-3{width:100% !important;order : 0;}.fusion-builder-column-3 > .fusion-column-wrapper {margin-right : 1.92%;margin-left : 1.92%;}}<\/style><\/div><div class=\"fusion-layout-column fusion_builder_column fusion-builder-column-4 fusion_builder_column_1_6 1_6 fusion-flex-column\"><div class=\"fusion-column-wrapper fusion-flex-justify-content-flex-start fusion-content-layout-column\" style=\"background-position:left top;background-repeat:no-repeat;-webkit-background-size:cover;-moz-background-size:cover;-o-background-size:cover;background-size:cover;padding: 0px 0px 0px 0px;\"><\/div><style type=\"text\/css\">.fusion-body .fusion-builder-column-4{width:16.666666666667% !important;margin-top : 0px;margin-bottom : 20px;}.fusion-builder-column-4 > .fusion-column-wrapper {padding-top : 0px !important;padding-right : 0px !important;margin-right : 11.52%;padding-bottom : 0px !important;padding-left : 0px !important;margin-left : 11.52%;}@media only screen and (max-width:1024px) {.fusion-body .fusion-builder-column-4{width:100% !important;order : 0;}.fusion-builder-column-4 > .fusion-column-wrapper {margin-right : 1.92%;margin-left : 1.92%;}}@media only screen and (max-width:640px) {.fusion-body .fusion-builder-column-4{width:100% !important;order : 0;}.fusion-builder-column-4 > .fusion-column-wrapper {margin-right : 1.92%;margin-left : 1.92%;}}<\/style><\/div><div class=\"fusion-layout-column fusion_builder_column fusion-builder-column-5 fusion_builder_column_2_3 2_3 fusion-flex-column\"><div class=\"fusion-column-wrapper fusion-flex-justify-content-flex-start fusion-content-layout-column\" style=\"background-position:left top;background-repeat:no-repeat;-webkit-background-size:cover;-moz-background-size:cover;-o-background-size:cover;background-size:cover;padding: 0px 0px 0px 0px;\"><div class=\"fusion-text fusion-text-7\" style=\"text-align:center;text-transform:none;\">\n<div class=\"fusion-login-box fusion-login-box-1 fusion-login-box-login fusion-login-align-center fusion-login-field-layout-stacked\"><style type=\"text\/css\">.fusion-login-box-1 .fusion-login-heading{color:#000;}.fusion-login-box-1 .fusion-login-caption{color:#fff;}.fusion-login-box-1 a{color:rgb(160, 206, 78);}<\/style><form class=\"fusion-login-form\" style=\"background-color:rgba(0,0,0,0);padding:0;\" name=\"loginform\" id=\"loginform\" method=\"post\" action=\"https:\/\/www.mobilityinstitute.es\/wp-login.php\"><div class=\"fusion-login-fields\"><div class=\"fusion-login-input-wrapper\"><label class=\"fusion-hidden-content\" for=\"user_login-1\">Nom d&#039;usuari o correu electr\u00f2nic<\/label><input type=\"text\" name=\"log\" placeholder=\"Nom d&#039;usuari o correu electr\u00f2nic\" value=\"\" size=\"20\" class=\"fusion-login-username input-text\" id=\"user_login-1\" \/><\/div><div class=\"fusion-login-input-wrapper\"><label class=\"fusion-hidden-content\" for=\"user_pass-1\">Clau<\/label><input type=\"password\" name=\"pwd\" placeholder=\"Clau\" value=\"\" size=\"20\" class=\"fusion-login-password input-text\" id=\"user_pass-1\" \/><\/div><\/div><div class=\"fusion-login-additional-content\"><div class=\"fusion-login-submit-wrapper\"><button class=\"fusion-login-button fusion-button button-default fusion-button-default-size fusion-login-button-no-fullwidth\" type=\"submit\" name=\"wp-submit\">Accedir<\/button><input type=\"hidden\" name=\"user-cookie\" value=\"1\" \/><input type=\"hidden\" name=\"redirect_to\" value=\"https:\/\/www.mobilityinstitute.es\/ca\/wp-json\/wp\/v2\/pages\/10043\" \/><input type=\"hidden\" name=\"fusion_login_box\" value=\"true\" \/><input type=\"hidden\" name=\"_wp_http_referer\" value=\"\/ca\/wp-json\/wp\/v2\/pages\/10043\" \/><span class=\"fusion-login-nonce\" style=\"display:none;\"><\/span><\/div><div class=\"fusion-login-links\"><a class=\"fusion-login-lost-passowrd\" target=\"_self\" href=\"https:\/\/www.mobilityinstitute.es\/resetear-contrasena\/\">No recordes la teva clau?<\/a><\/div><\/div><\/form><\/div>\n\n<\/div><\/div><style type=\"text\/css\">.fusion-body .fusion-builder-column-5{width:66.666666666667% !important;margin-top : 0px;margin-bottom : 20px;}.fusion-builder-column-5 > .fusion-column-wrapper {padding-top : 0px !important;padding-right : 0px !important;margin-right : 2.88%;padding-bottom : 0px !important;padding-left : 0px !important;margin-left : 2.88%;}@media only screen and (max-width:1024px) {.fusion-body .fusion-builder-column-5{width:100% !important;order : 0;}.fusion-builder-column-5 > .fusion-column-wrapper {margin-right : 1.92%;margin-left : 1.92%;}}@media only screen and (max-width:640px) {.fusion-body .fusion-builder-column-5{width:100% !important;order : 0;}.fusion-builder-column-5 > .fusion-column-wrapper {margin-right : 1.92%;margin-left : 1.92%;}}<\/style><\/div><div class=\"fusion-layout-column fusion_builder_column fusion-builder-column-6 fusion_builder_column_1_6 1_6 fusion-flex-column\"><div class=\"fusion-column-wrapper fusion-flex-justify-content-flex-start fusion-content-layout-column\" style=\"background-position:left top;background-repeat:no-repeat;-webkit-background-size:cover;-moz-background-size:cover;-o-background-size:cover;background-size:cover;padding: 0px 0px 0px 0px;\"><\/div><style type=\"text\/css\">.fusion-body .fusion-builder-column-6{width:16.666666666667% !important;margin-top : 0px;margin-bottom : 20px;}.fusion-builder-column-6 > .fusion-column-wrapper {padding-top : 0px !important;padding-right : 0px !important;margin-right : 11.52%;padding-bottom : 0px !important;padding-left : 0px !important;margin-left : 11.52%;}@media only screen and (max-width:1024px) {.fusion-body .fusion-builder-column-6{width:100% !important;order : 0;}.fusion-builder-column-6 > .fusion-column-wrapper {margin-right : 1.92%;margin-left : 1.92%;}}@media only screen and (max-width:640px) {.fusion-body .fusion-builder-column-6{width:100% !important;order : 0;}.fusion-builder-column-6 > .fusion-column-wrapper {margin-right : 1.92%;margin-left : 1.92%;}}<\/style><\/div><\/div><style type=\"text\/css\">.fusion-body .fusion-flex-container.fusion-builder-row-2{ padding-top : 0px;margin-top : 0px;padding-right : 0px;padding-bottom : 0px;margin-bottom : 0px;padding-left : 0px;}<\/style><\/div><\/p>\n","protected":false},"excerpt":{"rendered":"","protected":false},"author":315,"featured_media":0,"parent":0,"menu_order":75,"comment_status":"closed","ping_status":"closed","template":"","meta":{"footnotes":""},"yst_prominent_words":[257,450,263,285,368,258,1169,273,991],"class_list":["post-10043","page","type-page","status-publish","hentry"],"_links":{"self":[{"href":"https:\/\/www.mobilityinstitute.es\/ca\/wp-json\/wp\/v2\/pages\/10043","targetHints":{"allow":["GET"]}}],"collection":[{"href":"https:\/\/www.mobilityinstitute.es\/ca\/wp-json\/wp\/v2\/pages"}],"about":[{"href":"https:\/\/www.mobilityinstitute.es\/ca\/wp-json\/wp\/v2\/types\/page"}],"author":[{"embeddable":true,"href":"https:\/\/www.mobilityinstitute.es\/ca\/wp-json\/wp\/v2\/users\/315"}],"replies":[{"embeddable":true,"href":"https:\/\/www.mobilityinstitute.es\/ca\/wp-json\/wp\/v2\/comments?post=10043"}],"version-history":[{"count":0,"href":"https:\/\/www.mobilityinstitute.es\/ca\/wp-json\/wp\/v2\/pages\/10043\/revisions"}],"wp:attachment":[{"href":"https:\/\/www.mobilityinstitute.es\/ca\/wp-json\/wp\/v2\/media?parent=10043"}],"wp:term":[{"taxonomy":"yst_prominent_words","embeddable":true,"href":"https:\/\/www.mobilityinstitute.es\/ca\/wp-json\/wp\/v2\/yst_prominent_words?post=10043"}],"curies":[{"name":"wp","href":"https:\/\/api.w.org\/{rel}","templated":true}]}}