{"id":3331,"date":"2020-01-29T12:42:45","date_gmt":"2020-01-29T11:42:45","guid":{"rendered":"https:\/\/www.mobilityinstitute.es\/?page_id=3331"},"modified":"2020-09-17T12:27:35","modified_gmt":"2020-09-17T10:27:35","slug":"mobility-talks-micromobility-gen-2020","status":"publish","type":"page","link":"https:\/\/www.mobilityinstitute.es\/ca\/mobility-talks-micromobility-gen-2020\/","title":{"rendered":"Mobility Talks &#8211; Micromobility (Gener 2020)"},"content":{"rendered":"<div class=\"fusion-fullwidth fullwidth-box fusion-builder-row-1 nonhundred-percent-fullwidth non-hundred-percent-height-scrolling\" style=\"background-color: rgba(255,255,255,0);background-position: center center;background-repeat: no-repeat;padding-top:0px;padding-right:0px;padding-bottom:0px;padding-left:0px;margin-bottom: 0px;margin-top: 0px;border-width: 0px 0px 0px 0px;border-color:#eae9e9;border-style:solid;\" ><div class=\"fusion-builder-row fusion-row\"><div class=\"fusion-layout-column fusion_builder_column fusion-builder-column-0 fusion_builder_column_1_1 1_1 fusion-one-full fusion-column-first fusion-column-last\" style=\"margin-top:0px;margin-bottom:20px;\"><div class=\"fusion-column-wrapper fusion-flex-column-wrapper-legacy\" style=\"background-position:left top;background-repeat:no-repeat;-webkit-background-size:cover;-moz-background-size:cover;-o-background-size:cover;background-size:cover;padding: 0px 0px 0px 0px;\"><div class=\"fusion-text fusion-text-1\"><p>El 21 de Gener de 2020 s&#8217;ha celebrat a Barcelona el<strong> Micromobility Talk<\/strong>s. Els organitzadors han estat Fundaci\u00f3 CREAFUTUR y ESADE Creapolis. El Mobility Institute ha fet de patrocinador principal perqu\u00e8 \u00e9s una jornada que v\u00e0rem recomanar als nostres associats.<\/p>\n<\/div><div class=\"fusion-sep-clear\"><\/div><div class=\"fusion-separator fusion-full-width-sep\" style=\"margin-left: auto;margin-right: auto;margin-top:4px;margin-bottom:4px;width:100%;\"><div class=\"fusion-separator-border sep-double\" style=\"border-color:#ffffff;border-top-width:1px;border-bottom-width:1px;\"><\/div><\/div><div class=\"fusion-sep-clear\"><\/div><div class=\"fusion-text fusion-text-2\"><p>L&#8217;acte es va celebrar a l&#8217;Espai Endesa, de Barcelona y el programa va ser el que est\u00e0 adjunt:<\/p>\n<\/div><div class=\"fusion-sep-clear\"><\/div><div class=\"fusion-separator fusion-full-width-sep\" style=\"margin-left: auto;margin-right: auto;margin-top:4px;margin-bottom:4px;width:100%;\"><div class=\"fusion-separator-border sep-double\" style=\"border-color:#ffffff;border-top-width:1px;border-bottom-width:1px;\"><\/div><\/div><div class=\"fusion-sep-clear\"><\/div><div class=\"fusion-sep-clear\"><\/div><div class=\"fusion-separator fusion-full-width-sep\" style=\"margin-left: auto;margin-right: auto;margin-top:4px;margin-bottom:4px;width:100%;\"><div class=\"fusion-separator-border sep-double\" style=\"border-color:#ffffff;border-top-width:1px;border-bottom-width:1px;\"><\/div><\/div><div class=\"fusion-sep-clear\"><\/div><div class=\"fusion-sep-clear\"><\/div><div class=\"fusion-separator fusion-full-width-sep\" style=\"margin-left: auto;margin-right: auto;margin-top:4px;margin-bottom:4px;width:100%;\"><div class=\"fusion-separator-border sep-double\" style=\"border-color:#ffffff;border-top-width:1px;border-bottom-width:1px;\"><\/div><\/div><div class=\"fusion-sep-clear\"><\/div><div class=\"fusion-clearfix\"><\/div><\/div><\/div><div class=\"fusion-layout-column fusion_builder_column fusion-builder-column-1 fusion_builder_column_1_2 1_2 fusion-one-half fusion-column-first\" style=\"width:50%;width:calc(50% - ( ( 4% ) * 0.5 ) );margin-right: 4%;margin-top:0px;margin-bottom:20px;\"><div class=\"fusion-column-wrapper fusion-flex-column-wrapper-legacy\" style=\"background-position:left top;background-repeat:no-repeat;-webkit-background-size:cover;-moz-background-size:cover;-o-background-size:cover;background-size:cover;padding: 0px 0px 0px 0px;\"><span class=\" fusion-imageframe imageframe-none imageframe-1 hover-type-none\"><img decoding=\"async\" width=\"768\" height=\"1024\" title=\"Entrada cubos\" src=\"https:\/\/www.mobilityinstitute.es\/wp-content\/uploads\/2020\/01\/www.mobilityinstitute.es-mobility-talks-micromobility-gen-2020-entrada-cubos.jpg\" data-orig-src=\"https:\/\/www.mobilityinstitute.es\/wp-content\/uploads\/2020\/01\/www.mobilityinstitute.es-mobility-talks-micromobility-gen-2020-entrada-cubos-768x1024.jpg\" alt class=\"lazyload img-responsive wp-image-3348\" srcset=\"data:image\/svg+xml,%3Csvg%20xmlns%3D%27http%3A%2F%2Fwww.w3.org%2F2000%2Fsvg%27%20width%3D%271200%27%20height%3D%271600%27%20viewBox%3D%270%200%201200%201600%27%3E%3Crect%20width%3D%271200%27%20height%3D%271600%27%20fill-opacity%3D%220%22%2F%3E%3C%2Fsvg%3E\" data-srcset=\"https:\/\/www.mobilityinstitute.es\/wp-content\/uploads\/2020\/01\/www.mobilityinstitute.es-mobility-talks-micromobility-gen-2020-entrada-cubos-200x267.jpg 200w, https:\/\/www.mobilityinstitute.es\/wp-content\/uploads\/2020\/01\/www.mobilityinstitute.es-mobility-talks-micromobility-gen-2020-entrada-cubos-400x533.jpg 400w, https:\/\/www.mobilityinstitute.es\/wp-content\/uploads\/2020\/01\/www.mobilityinstitute.es-mobility-talks-micromobility-gen-2020-entrada-cubos-600x800.jpg 600w, https:\/\/www.mobilityinstitute.es\/wp-content\/uploads\/2020\/01\/www.mobilityinstitute.es-mobility-talks-micromobility-gen-2020-entrada-cubos-800x1067.jpg 800w, https:\/\/www.mobilityinstitute.es\/wp-content\/uploads\/2020\/01\/www.mobilityinstitute.es-mobility-talks-micromobility-gen-2020-entrada-cubos.jpg 1200w\" data-sizes=\"auto\" data-orig-sizes=\"(max-width: 800px) 100vw, 600px\" \/><\/span><div class=\"fusion-sep-clear\"><\/div><div class=\"fusion-separator fusion-full-width-sep\" style=\"margin-left: auto;margin-right: auto;margin-top:4px;margin-bottom:4px;width:100%;\"><div class=\"fusion-separator-border sep-double\" style=\"border-color:#ffffff;border-top-width:1px;border-bottom-width:1px;\"><\/div><\/div><div class=\"fusion-sep-clear\"><\/div><div class=\"fusion-clearfix\"><\/div><\/div><\/div><div class=\"fusion-layout-column fusion_builder_column fusion-builder-column-2 fusion_builder_column_1_2 1_2 fusion-one-half fusion-column-last\" style=\"width:50%;width:calc(50% - ( ( 4% ) * 0.5 ) );margin-top:0px;margin-bottom:20px;\"><div class=\"fusion-column-wrapper fusion-flex-column-wrapper-legacy\" style=\"background-position:left top;background-repeat:no-repeat;-webkit-background-size:cover;-moz-background-size:cover;-o-background-size:cover;background-size:cover;padding: 0px 0px 0px 0px;\"><span class=\" fusion-imageframe imageframe-none imageframe-2 hover-type-none\"><img decoding=\"async\" width=\"460\" height=\"784\" title=\"Agenda\" src=\"data:image\/svg+xml,%3Csvg%20xmlns%3D%27http%3A%2F%2Fwww.w3.org%2F2000%2Fsvg%27%20width%3D%27460%27%20height%3D%27784%27%20viewBox%3D%270%200%20460%20784%27%3E%3Crect%20width%3D%27460%27%20height%3D%27784%27%20fill-opacity%3D%220%22%2F%3E%3C%2Fsvg%3E\" data-orig-src=\"https:\/\/www.mobilityinstitute.es\/wp-content\/uploads\/2020\/01\/www.mobilityinstitute.es-agenda.png\" alt class=\"lazyload img-responsive wp-image-3361\"\/><\/span><div class=\"fusion-sep-clear\"><\/div><div class=\"fusion-separator fusion-full-width-sep\" style=\"margin-left: auto;margin-right: auto;margin-top:4px;margin-bottom:4px;width:100%;\"><div class=\"fusion-separator-border sep-double\" style=\"border-color:#ffffff;border-top-width:1px;border-bottom-width:1px;\"><\/div><\/div><div class=\"fusion-sep-clear\"><\/div><div class=\"fusion-clearfix\"><\/div><\/div><\/div><div class=\"fusion-layout-column fusion_builder_column fusion-builder-column-3 fusion_builder_column_1_1 1_1 fusion-one-full fusion-column-first fusion-column-last\" style=\"margin-top:0px;margin-bottom:20px;\"><div class=\"fusion-column-wrapper fusion-flex-column-wrapper-legacy\" style=\"background-position:left top;background-repeat:no-repeat;-webkit-background-size:cover;-moz-background-size:cover;-o-background-size:cover;background-size:cover;padding: 0px 0px 0px 0px;\"><div class=\"fusion-sep-clear\"><\/div><div class=\"fusion-separator fusion-full-width-sep\" style=\"margin-left: auto;margin-right: auto;margin-top:4px;margin-bottom:4px;width:100%;\"><div class=\"fusion-separator-border sep-double\" style=\"border-color:#ffffff;border-top-width:1px;border-bottom-width:1px;\"><\/div><\/div><div class=\"fusion-sep-clear\"><\/div><div class=\"fusion-sep-clear\"><\/div><div class=\"fusion-separator fusion-full-width-sep\" style=\"margin-left: auto;margin-right: auto;margin-top:4px;margin-bottom:4px;width:100%;\"><div class=\"fusion-separator-border sep-double\" style=\"border-color:#ffffff;border-top-width:1px;border-bottom-width:1px;\"><\/div><\/div><div class=\"fusion-sep-clear\"><\/div><div class=\"fusion-text fusion-text-3\"><p>Com a <strong>main partners<\/strong> de la jornada, v\u00e0rem propiciar que alguns dels nostres associats (RENFE, SABA y SAGALES)\u00a0 expliquessin els seus projectes relacionats amb la micromobilitat. La seva aportaci\u00f3 va ser molt enriquidora.<\/p>\n<\/div><div class=\"fusion-sep-clear\"><\/div><div class=\"fusion-separator fusion-full-width-sep\" style=\"margin-left: auto;margin-right: auto;margin-top:4px;margin-bottom:4px;width:100%;\"><div class=\"fusion-separator-border sep-double\" style=\"border-color:#ffffff;border-top-width:1px;border-bottom-width:1px;\"><\/div><\/div><div class=\"fusion-sep-clear\"><\/div><div class=\"fusion-text fusion-text-4\"><p>A continuaci\u00f3 mostrem un resum visual de com es va desenvolupar la jornada:<\/p>\n<\/div><div class=\"fusion-sep-clear\"><\/div><div class=\"fusion-separator fusion-full-width-sep\" style=\"margin-left: auto;margin-right: auto;margin-top:4px;margin-bottom:4px;width:100%;\"><div class=\"fusion-separator-border sep-double\" style=\"border-color:#ffffff;border-top-width:1px;border-bottom-width:1px;\"><\/div><\/div><div class=\"fusion-sep-clear\"><\/div><div class=\"imageframe-align-center\"><span class=\" fusion-imageframe imageframe-none imageframe-3 hover-type-none\"><img decoding=\"async\" width=\"666\" height=\"532\" title=\"Visual Summary 2\" src=\"https:\/\/www.mobilityinstitute.es\/wp-content\/uploads\/2020\/01\/www.mobilityinstitute.es-visual-summary-2.jpg\" data-orig-src=\"https:\/\/www.mobilityinstitute.es\/wp-content\/uploads\/2020\/01\/www.mobilityinstitute.es-visual-summary-2.jpg\" alt class=\"lazyload img-responsive wp-image-3340\" srcset=\"data:image\/svg+xml,%3Csvg%20xmlns%3D%27http%3A%2F%2Fwww.w3.org%2F2000%2Fsvg%27%20width%3D%27666%27%20height%3D%27532%27%20viewBox%3D%270%200%20666%20532%27%3E%3Crect%20width%3D%27666%27%20height%3D%27532%27%20fill-opacity%3D%220%22%2F%3E%3C%2Fsvg%3E\" data-srcset=\"https:\/\/www.mobilityinstitute.es\/wp-content\/uploads\/2020\/01\/www.mobilityinstitute.es-visual-summary-2-200x160.jpg 200w, https:\/\/www.mobilityinstitute.es\/wp-content\/uploads\/2020\/01\/www.mobilityinstitute.es-visual-summary-2-400x320.jpg 400w, https:\/\/www.mobilityinstitute.es\/wp-content\/uploads\/2020\/01\/www.mobilityinstitute.es-visual-summary-2-600x479.jpg 600w, https:\/\/www.mobilityinstitute.es\/wp-content\/uploads\/2020\/01\/www.mobilityinstitute.es-visual-summary-2.jpg 666w\" data-sizes=\"auto\" data-orig-sizes=\"(max-width: 800px) 100vw, 666px\" \/><\/span><\/div><div class=\"fusion-sep-clear\"><\/div><div class=\"fusion-separator fusion-full-width-sep\" style=\"margin-left: auto;margin-right: auto;margin-top:4px;margin-bottom:4px;width:100%;\"><div class=\"fusion-separator-border sep-double\" style=\"border-color:#ffffff;border-top-width:1px;border-bottom-width:1px;\"><\/div><\/div><div class=\"fusion-sep-clear\"><\/div><div class=\"fusion-text fusion-text-5\"><p>Descarrega la imatge amb alta resoluci\u00f3:<\/p>\n<p><a href=\"https:\/\/www.mobilityinstitute.es\/wp-content\/uploads\/2020\/01\/www.mobilityinstitute.es-mobility-talks-micromobility-gen-2020-visual-summary-micromobility-by-connectingbrains.pdf\" target=\"_blank\" rel=\"noopener noreferrer\">Visual Summary<\/a><\/p>\n<\/div><div class=\"fusion-sep-clear\"><\/div><div class=\"fusion-separator fusion-full-width-sep\" style=\"margin-left: auto;margin-right: auto;margin-top:4px;margin-bottom:4px;width:100%;\"><div class=\"fusion-separator-border sep-double\" style=\"border-color:#ffffff;border-top-width:1px;border-bottom-width:1px;\"><\/div><\/div><div class=\"fusion-sep-clear\"><\/div><div class=\"fusion-clearfix\"><\/div><\/div><\/div><div class=\"fusion-layout-column fusion_builder_column fusion-builder-column-4 fusion_builder_column_1_1 1_1 fusion-one-full fusion-column-first fusion-column-last\" style=\"margin-top:0px;margin-bottom:20px;\"><div class=\"fusion-column-wrapper fusion-flex-column-wrapper-legacy\" style=\"background-position:left top;background-repeat:no-repeat;-webkit-background-size:cover;-moz-background-size:cover;-o-background-size:cover;background-size:cover;padding: 0px 0px 0px 0px;\"><div class=\"fusion-sep-clear\"><\/div><div class=\"fusion-separator fusion-full-width-sep\" style=\"margin-left: auto;margin-right: auto;margin-top:4px;margin-bottom:4px;width:100%;\"><div class=\"fusion-separator-border sep-double\" style=\"border-color:#ffffff;border-top-width:1px;border-bottom-width:1px;\"><\/div><\/div><div class=\"fusion-sep-clear\"><\/div><div class=\"fusion-text fusion-text-6\"><p>Incloem algunes fotografies de l&#8217;esdeveniment:<\/p>\n<\/div><div class=\"fusion-sep-clear\"><\/div><div class=\"fusion-separator fusion-full-width-sep\" style=\"margin-left: auto;margin-right: auto;width:100%;\"><div class=\"fusion-separator-border sep-double\" style=\"border-color:#ffffff;border-top-width:1px;border-bottom-width:1px;\"><\/div><\/div><div class=\"fusion-sep-clear\"><\/div><style type=\"text\/css\">.fusion-gallery-1 .fusion-gallery-image {border:0px solid #f6f6f6;}<\/style><div class=\"awb-gallery-wrapper awb-gallery-wrapper-1 button-span-no\"><div class=\"fusion-gallery fusion-gallery-container fusion-grid-3 fusion-columns-total-3 fusion-gallery-layout-grid fusion-gallery-1\" style=\"margin:-5px;\"><div style=\"padding:5px;\" class=\"fusion-grid-column fusion-gallery-column fusion-gallery-column-3 hover-type-none\"><div class=\"fusion-gallery-image\"><a href=\"https:\/\/www.mobilityinstitute.es\/wp-content\/uploads\/2020\/01\/www.mobilityinstitute.es-mobility-talks-micromobility-gen-2020-panel-maas.jpg\" rel=\"noreferrer\" data-rel=\"iLightbox[gallery_image_1]\" class=\"fusion-lightbox\" target=\"_self\"><img decoding=\"async\" src=\"https:\/\/www.mobilityinstitute.es\/wp-content\/uploads\/2020\/01\/www.mobilityinstitute.es-mobility-talks-micromobility-gen-2020-panel-maas.jpg\" data-orig-src=\"https:\/\/www.mobilityinstitute.es\/wp-content\/uploads\/2020\/01\/www.mobilityinstitute.es-mobility-talks-micromobility-gen-2020-panel-maas.jpg\" width=\"6720\" height=\"4480\" alt=\"\" title=\"Panel MaaS\" aria-label=\"Panel MaaS\" class=\"lazyload img-responsive wp-image-3357\" srcset=\"data:image\/svg+xml,%3Csvg%20xmlns%3D%27http%3A%2F%2Fwww.w3.org%2F2000%2Fsvg%27%20width%3D%276720%27%20height%3D%274480%27%20viewBox%3D%270%200%206720%204480%27%3E%3Crect%20width%3D%276720%27%20height%3D%274480%27%20fill-opacity%3D%220%22%2F%3E%3C%2Fsvg%3E\" data-srcset=\"https:\/\/www.mobilityinstitute.es\/wp-content\/uploads\/2020\/01\/www.mobilityinstitute.es-mobility-talks-micromobility-gen-2020-panel-maas-200x133.jpg 200w, https:\/\/www.mobilityinstitute.es\/wp-content\/uploads\/2020\/01\/www.mobilityinstitute.es-mobility-talks-micromobility-gen-2020-panel-maas-400x267.jpg 400w, https:\/\/www.mobilityinstitute.es\/wp-content\/uploads\/2020\/01\/www.mobilityinstitute.es-mobility-talks-micromobility-gen-2020-panel-maas-600x400.jpg 600w, https:\/\/www.mobilityinstitute.es\/wp-content\/uploads\/2020\/01\/www.mobilityinstitute.es-mobility-talks-micromobility-gen-2020-panel-maas-800x533.jpg 800w, https:\/\/www.mobilityinstitute.es\/wp-content\/uploads\/2020\/01\/www.mobilityinstitute.es-mobility-talks-micromobility-gen-2020-panel-maas-1200x800.jpg 1200w, https:\/\/www.mobilityinstitute.es\/wp-content\/uploads\/2020\/01\/www.mobilityinstitute.es-mobility-talks-micromobility-gen-2020-panel-maas.jpg 6720w\" data-sizes=\"auto\" data-orig-sizes=\"(min-width: 2200px) 100vw, (min-width: 784px) 397px, (min-width: 712px) 595px, (min-width: 640px) 712px, \" \/><\/a><\/div><\/div><div style=\"padding:5px;\" class=\"fusion-grid-column fusion-gallery-column fusion-gallery-column-3 hover-type-none\"><div class=\"fusion-gallery-image\"><a href=\"https:\/\/www.mobilityinstitute.es\/wp-content\/uploads\/2020\/01\/www.mobilityinstitute.es-mobility-talks-micromobility-gen-2020-entrda.jpg\" rel=\"noreferrer\" data-rel=\"iLightbox[gallery_image_1]\" class=\"fusion-lightbox\" target=\"_self\"><img decoding=\"async\" src=\"https:\/\/www.mobilityinstitute.es\/wp-content\/uploads\/2020\/01\/www.mobilityinstitute.es-mobility-talks-micromobility-gen-2020-entrda.jpg\" data-orig-src=\"https:\/\/www.mobilityinstitute.es\/wp-content\/uploads\/2020\/01\/www.mobilityinstitute.es-mobility-talks-micromobility-gen-2020-entrda.jpg\" width=\"1600\" height=\"1200\" alt=\"\" title=\"Entrda\" aria-label=\"Entrda\" class=\"lazyload img-responsive wp-image-3351\" srcset=\"data:image\/svg+xml,%3Csvg%20xmlns%3D%27http%3A%2F%2Fwww.w3.org%2F2000%2Fsvg%27%20width%3D%271600%27%20height%3D%271200%27%20viewBox%3D%270%200%201600%201200%27%3E%3Crect%20width%3D%271600%27%20height%3D%271200%27%20fill-opacity%3D%220%22%2F%3E%3C%2Fsvg%3E\" data-srcset=\"https:\/\/www.mobilityinstitute.es\/wp-content\/uploads\/2020\/01\/www.mobilityinstitute.es-mobility-talks-micromobility-gen-2020-entrda-200x150.jpg 200w, https:\/\/www.mobilityinstitute.es\/wp-content\/uploads\/2020\/01\/www.mobilityinstitute.es-mobility-talks-micromobility-gen-2020-entrda-400x300.jpg 400w, https:\/\/www.mobilityinstitute.es\/wp-content\/uploads\/2020\/01\/www.mobilityinstitute.es-mobility-talks-micromobility-gen-2020-entrda-600x450.jpg 600w, https:\/\/www.mobilityinstitute.es\/wp-content\/uploads\/2020\/01\/www.mobilityinstitute.es-mobility-talks-micromobility-gen-2020-entrda-800x600.jpg 800w, https:\/\/www.mobilityinstitute.es\/wp-content\/uploads\/2020\/01\/www.mobilityinstitute.es-mobility-talks-micromobility-gen-2020-entrda-1200x900.jpg 1200w, https:\/\/www.mobilityinstitute.es\/wp-content\/uploads\/2020\/01\/www.mobilityinstitute.es-mobility-talks-micromobility-gen-2020-entrda.jpg 1600w\" data-sizes=\"auto\" data-orig-sizes=\"(min-width: 2200px) 100vw, (min-width: 784px) 397px, (min-width: 712px) 595px, (min-width: 640px) 712px, \" \/><\/a><\/div><\/div><div style=\"padding:5px;\" class=\"fusion-grid-column fusion-gallery-column fusion-gallery-column-3 hover-type-none\"><div class=\"fusion-gallery-image\"><a href=\"https:\/\/www.mobilityinstitute.es\/wp-content\/uploads\/2020\/01\/www.mobilityinstitute.es-mobility-talks-micromobility-gen-2020-panel-maas-2.jpg\" rel=\"noreferrer\" data-rel=\"iLightbox[gallery_image_1]\" class=\"fusion-lightbox\" target=\"_self\"><img decoding=\"async\" src=\"https:\/\/www.mobilityinstitute.es\/wp-content\/uploads\/2020\/01\/www.mobilityinstitute.es-mobility-talks-micromobility-gen-2020-panel-maas-2.jpg\" data-orig-src=\"https:\/\/www.mobilityinstitute.es\/wp-content\/uploads\/2020\/01\/www.mobilityinstitute.es-mobility-talks-micromobility-gen-2020-panel-maas-2.jpg\" width=\"6720\" height=\"4480\" alt=\"\" title=\"Panel Maas 2\" aria-label=\"Panel Maas 2\" class=\"lazyload img-responsive wp-image-3354\" srcset=\"data:image\/svg+xml,%3Csvg%20xmlns%3D%27http%3A%2F%2Fwww.w3.org%2F2000%2Fsvg%27%20width%3D%276720%27%20height%3D%274480%27%20viewBox%3D%270%200%206720%204480%27%3E%3Crect%20width%3D%276720%27%20height%3D%274480%27%20fill-opacity%3D%220%22%2F%3E%3C%2Fsvg%3E\" data-srcset=\"https:\/\/www.mobilityinstitute.es\/wp-content\/uploads\/2020\/01\/www.mobilityinstitute.es-mobility-talks-micromobility-gen-2020-panel-maas-2-200x133.jpg 200w, https:\/\/www.mobilityinstitute.es\/wp-content\/uploads\/2020\/01\/www.mobilityinstitute.es-mobility-talks-micromobility-gen-2020-panel-maas-2-400x267.jpg 400w, https:\/\/www.mobilityinstitute.es\/wp-content\/uploads\/2020\/01\/www.mobilityinstitute.es-mobility-talks-micromobility-gen-2020-panel-maas-2-600x400.jpg 600w, https:\/\/www.mobilityinstitute.es\/wp-content\/uploads\/2020\/01\/www.mobilityinstitute.es-mobility-talks-micromobility-gen-2020-panel-maas-2-800x533.jpg 800w, https:\/\/www.mobilityinstitute.es\/wp-content\/uploads\/2020\/01\/www.mobilityinstitute.es-mobility-talks-micromobility-gen-2020-panel-maas-2-1200x800.jpg 1200w, https:\/\/www.mobilityinstitute.es\/wp-content\/uploads\/2020\/01\/www.mobilityinstitute.es-mobility-talks-micromobility-gen-2020-panel-maas-2.jpg 6720w\" data-sizes=\"auto\" data-orig-sizes=\"(min-width: 2200px) 100vw, (min-width: 784px) 397px, (min-width: 712px) 595px, (min-width: 640px) 712px, \" \/><\/a><\/div><\/div><div class=\"clearfix\"><\/div><\/div><\/div><div class=\"fusion-clearfix\"><\/div><\/div><\/div><\/div><\/div>\n","protected":false},"excerpt":{"rendered":"","protected":false},"author":570,"featured_media":0,"parent":0,"menu_order":102,"comment_status":"closed","ping_status":"closed","template":"","meta":{"footnotes":""},"yst_prominent_words":[257,362,131,450,263,432,364,361,449,437],"class_list":["post-3331","page","type-page","status-publish","hentry"],"_links":{"self":[{"href":"https:\/\/www.mobilityinstitute.es\/ca\/wp-json\/wp\/v2\/pages\/3331","targetHints":{"allow":["GET"]}}],"collection":[{"href":"https:\/\/www.mobilityinstitute.es\/ca\/wp-json\/wp\/v2\/pages"}],"about":[{"href":"https:\/\/www.mobilityinstitute.es\/ca\/wp-json\/wp\/v2\/types\/page"}],"author":[{"embeddable":true,"href":"https:\/\/www.mobilityinstitute.es\/ca\/wp-json\/wp\/v2\/users\/570"}],"replies":[{"embeddable":true,"href":"https:\/\/www.mobilityinstitute.es\/ca\/wp-json\/wp\/v2\/comments?post=3331"}],"version-history":[{"count":0,"href":"https:\/\/www.mobilityinstitute.es\/ca\/wp-json\/wp\/v2\/pages\/3331\/revisions"}],"wp:attachment":[{"href":"https:\/\/www.mobilityinstitute.es\/ca\/wp-json\/wp\/v2\/media?parent=3331"}],"wp:term":[{"taxonomy":"yst_prominent_words","embeddable":true,"href":"https:\/\/www.mobilityinstitute.es\/ca\/wp-json\/wp\/v2\/yst_prominent_words?post=3331"}],"curies":[{"name":"wp","href":"https:\/\/api.w.org\/{rel}","templated":true}]}}